{"id":2413,"date":"2026-02-24T20:30:10","date_gmt":"2026-02-24T19:30:10","guid":{"rendered":"https:\/\/www.zsanettberec.sk\/rozhovory-madarsky-prakticky\/?page_id=2413"},"modified":"2026-03-01T10:05:40","modified_gmt":"2026-03-01T09:05:40","slug":"impressum","status":"publish","type":"page","link":"https:\/\/www.zsanettberec.sk\/rozhovory-madarsky-prakticky\/impressum","title":{"rendered":"Impressum"},"content":{"rendered":"\n<p><strong>N\u00e1zov spolo\u010dnosti<\/strong>: SADOBA s.r.o.<br><strong>Konate\u013eka a kontaktn\u00e1 osoba<\/strong>: Ing. Zsanett Berec<br><strong>S\u00eddlo<\/strong>: Vl\u010dany, 92584<br><strong>E-mail<\/strong>: rozhovory@zsanettberec.sk<\/p>\n\n\n\n<p><strong>I\u010cO<\/strong>: 47425610<br><strong>DI\u010c<\/strong>: 2023886260<br><strong>I\u010c DPH:<\/strong>&nbsp;SK2023886260 (registrovan\u00fd pod\u013ea \u00a7 7 z\u00e1kona o DPH, nie je platcom DPH v SR)<\/p>\n\n\n\n<p>Spolo\u010dnos\u0165 SADOBA s.r.o. je zap\u00edsan\u00e1 v Obchodnom registri Okresn\u00e9ho s\u00fadu Trnava, oddelenie: Sro, &nbsp;vlo\u017eka \u010d\u00edslo:&nbsp;<a href=\"https:\/\/www.orsr.sk\/vypis.asp?ID=279104&amp;SID=7&amp;P=0\" target=\"_blank\" rel=\"noreferrer noopener\">32615\/T<\/a><br>Dozorn\u00fd org\u00e1n:&nbsp;In\u0161pektor\u00e1t SOI (Slovensk\u00e1 obchodn\u00e1 in\u0161pekcia) pre Nitriansky kraj. Stani\u010dn\u00e1 9, P.O. BOX 49A, 950 50 Nitra 1<\/p>\n","protected":false},"excerpt":{"rendered":"<p>N\u00e1zov spolo\u010dnosti: SADOBA s.r.o.Konate\u013eka a kontaktn\u00e1 osoba: Ing. Zsanett BerecS\u00eddlo: Vl\u010dany, 92584E-mail: rozhovory@zsanettberec.sk I\u010cO: 47425610DI\u010c: 2023886260I\u010c DPH:&nbsp;SK2023886260 (registrovan\u00fd pod\u013ea \u00a7 7 z\u00e1kona o DPH, nie je platcom DPH v SR) Spolo\u010dnos\u0165 SADOBA s.r.o. je zap\u00edsan\u00e1 v Obchodnom registri Okresn\u00e9ho s\u00fadu Trnava, oddelenie: Sro, &nbsp;vlo\u017eka \u010d\u00edslo:&nbsp;32615\/TDozorn\u00fd org\u00e1n:&nbsp;In\u0161pektor\u00e1t SOI (Slovensk\u00e1 obchodn\u00e1 in\u0161pekcia) pre Nitriansky kraj. Stani\u010dn\u00e1 9, [&hellip;]<\/p>\n","protected":false},"author":1,"featured_media":0,"parent":0,"menu_order":0,"comment_status":"closed","ping_status":"closed","template":"","meta":{"zakra_page_container_layout":"customizer","zakra_page_sidebar_layout":"customizer","zakra_remove_content_margin":false,"zakra_sidebar":"customizer","zakra_transparent_header":"customizer","zakra_logo":0,"zakra_main_header_style":"default","zakra_menu_item_color":"","zakra_menu_item_hover_color":"","zakra_menu_item_active_color":"","zakra_menu_active_style":"","zakra_page_header":true,"footnotes":""},"class_list":["post-2413","page","type-page","status-publish","hentry"],"_links":{"self":[{"href":"https:\/\/www.zsanettberec.sk\/rozhovory-madarsky-prakticky\/wp-json\/wp\/v2\/pages\/2413","targetHints":{"allow":["GET"]}}],"collection":[{"href":"https:\/\/www.zsanettberec.sk\/rozhovory-madarsky-prakticky\/wp-json\/wp\/v2\/pages"}],"about":[{"href":"https:\/\/www.zsanettberec.sk\/rozhovory-madarsky-prakticky\/wp-json\/wp\/v2\/types\/page"}],"author":[{"embeddable":true,"href":"https:\/\/www.zsanettberec.sk\/rozhovory-madarsky-prakticky\/wp-json\/wp\/v2\/users\/1"}],"replies":[{"embeddable":true,"href":"https:\/\/www.zsanettberec.sk\/rozhovory-madarsky-prakticky\/wp-json\/wp\/v2\/comments?post=2413"}],"version-history":[{"count":3,"href":"https:\/\/www.zsanettberec.sk\/rozhovory-madarsky-prakticky\/wp-json\/wp\/v2\/pages\/2413\/revisions"}],"predecessor-version":[{"id":2459,"href":"https:\/\/www.zsanettberec.sk\/rozhovory-madarsky-prakticky\/wp-json\/wp\/v2\/pages\/2413\/revisions\/2459"}],"wp:attachment":[{"href":"https:\/\/www.zsanettberec.sk\/rozhovory-madarsky-prakticky\/wp-json\/wp\/v2\/media?parent=2413"}],"curies":[{"name":"wp","href":"https:\/\/api.w.org\/{rel}","templated":true}]}}