{"id":2320,"date":"2026-02-22T10:42:39","date_gmt":"2026-02-22T09:42:39","guid":{"rendered":"https:\/\/www.zsanettberec.sk\/rozhovory-madarsky-prakticky\/?page_id=2320"},"modified":"2026-02-23T21:38:30","modified_gmt":"2026-02-23T20:38:30","slug":"reaktivacia-madarskeho-jazyka","status":"publish","type":"page","link":"https:\/\/www.zsanettberec.sk\/rozhovory-madarsky-prakticky\/reaktivacia-madarskeho-jazyka","title":{"rendered":"Reaktiv\u00e1cia ma\u010farsk\u00e9ho jazyka"},"content":{"rendered":"\t\t<div data-elementor-type=\"wp-page\" data-elementor-id=\"2320\" class=\"elementor elementor-2320\">\n\t\t\t\t\t\t<section class=\"elementor-section elementor-top-section elementor-element elementor-element-ekg9l7n elementor-section-content-middle elementor-section-boxed elementor-section-height-default elementor-section-height-default\" data-id=\"ekg9l7n\" data-element_type=\"section\" data-e-type=\"section\" data-settings=\"{&quot;background_background&quot;:&quot;classic&quot;}\">\n\t\t\t\t\t\t\t<div class=\"elementor-background-overlay\"><\/div>\n\t\t\t\t\t\t\t<div class=\"elementor-container elementor-column-gap-wide\">\n\t\t\t\t\t<div class=\"elementor-column elementor-col-33 elementor-top-column elementor-element elementor-element-b262852\" data-id=\"b262852\" data-element_type=\"column\" data-e-type=\"column\">\n\t\t\t<div class=\"elementor-widget-wrap elementor-element-populated\">\n\t\t\t\t\t\t<div class=\"elementor-element elementor-element-34933a9 elementor-widget elementor-widget-image\" data-id=\"34933a9\" data-element_type=\"widget\" data-e-type=\"widget\" data-widget_type=\"image.default\">\n\t\t\t\t\t\t\t\t\t\t\t\t\t\t\t<img fetchpriority=\"high\" decoding=\"async\" width=\"740\" height=\"330\" src=\"https:\/\/www.zsanettberec.sk\/rozhovory-madarsky-prakticky\/wp-content\/uploads\/2026\/01\/Objavte-svoj-jazykovy-blok-madarciny-ktory-zo-4-typov-ste-vy-01-03-2026_10_13_PM-1024x456.png\" class=\"attachment-large size-large wp-image-1948\" alt=\"\" srcset=\"https:\/\/www.zsanettberec.sk\/rozhovory-madarsky-prakticky\/wp-content\/uploads\/2026\/01\/Objavte-svoj-jazykovy-blok-madarciny-ktory-zo-4-typov-ste-vy-01-03-2026_10_13_PM-1024x456.png 1024w, https:\/\/www.zsanettberec.sk\/rozhovory-madarsky-prakticky\/wp-content\/uploads\/2026\/01\/Objavte-svoj-jazykovy-blok-madarciny-ktory-zo-4-typov-ste-vy-01-03-2026_10_13_PM-300x134.png 300w, https:\/\/www.zsanettberec.sk\/rozhovory-madarsky-prakticky\/wp-content\/uploads\/2026\/01\/Objavte-svoj-jazykovy-blok-madarciny-ktory-zo-4-typov-ste-vy-01-03-2026_10_13_PM-768x342.png 768w, https:\/\/www.zsanettberec.sk\/rozhovory-madarsky-prakticky\/wp-content\/uploads\/2026\/01\/Objavte-svoj-jazykovy-blok-madarciny-ktory-zo-4-typov-ste-vy-01-03-2026_10_13_PM-1536x684.png 1536w, https:\/\/www.zsanettberec.sk\/rozhovory-madarsky-prakticky\/wp-content\/uploads\/2026\/01\/Objavte-svoj-jazykovy-blok-madarciny-ktory-zo-4-typov-ste-vy-01-03-2026_10_13_PM.png 1912w\" sizes=\"(max-width: 740px) 100vw, 740px\" \/>\t\t\t\t\t\t\t\t\t\t\t\t\t\t\t<\/div>\n\t\t\t\t<div class=\"elementor-element elementor-element-7dff79f elementor-widget elementor-widget-heading\" data-id=\"7dff79f\" data-element_type=\"widget\" data-e-type=\"widget\" data-widget_type=\"heading.default\">\n\t\t\t\t\t<h3 class=\"elementor-heading-title elementor-size-default\">Kr\u00e1tky test odhalenia jazykov\u00e9ho bloku<\/h3>\t\t\t\t<\/div>\n\t\t\t\t<div class=\"elementor-element elementor-element-13630cb elementor-widget elementor-widget-text-editor\" data-id=\"13630cb\" data-element_type=\"widget\" data-e-type=\"widget\" data-widget_type=\"text-editor.default\">\n\t\t\t\t\t\t\t\t\t<p>Urobte si tento\u00a0<b>kr\u00e1tky test<\/b>\u00a0a identifikujte svoj\u00a0<b>jazykov\u00fd blok<\/b> s v\u00fdsledkom hne\u010f.<\/p>\t\t\t\t\t\t\t\t<\/div>\n\t\t\t\t<div class=\"elementor-element elementor-element-9e0e8fe elementor-widget elementor-widget-button\" data-id=\"9e0e8fe\" data-element_type=\"widget\" data-e-type=\"widget\" data-widget_type=\"button.default\">\n\t\t\t\t\t\t\t\t\t\t<a class=\"elementor-button elementor-button-link elementor-size-sm\" href=\"https:\/\/www.zsanettberec.sk\/rozhovory-madarsky-prakticky\/objavte-svoj-jazykovy-blok-madarciny-ktory-zo-4-typov-ste-vy\" target=\"_blank\">\n\t\t\t\t\t\t<span class=\"elementor-button-content-wrapper\">\n\t\t\t\t\t\t\t\t\t<span class=\"elementor-button-text\">Chcem urobi\u0165 test<\/span>\n\t\t\t\t\t<\/span>\n\t\t\t\t\t<\/a>\n\t\t\t\t\t\t\t\t<\/div>\n\t\t\t\t\t<\/div>\n\t\t<\/div>\n\t\t\t\t<div class=\"elementor-column elementor-col-33 elementor-top-column elementor-element elementor-element-51c3c3b\" data-id=\"51c3c3b\" data-element_type=\"column\" data-e-type=\"column\">\n\t\t\t<div class=\"elementor-widget-wrap elementor-element-populated\">\n\t\t\t\t\t\t<div class=\"elementor-element elementor-element-b8ec32e elementor-widget elementor-widget-image\" data-id=\"b8ec32e\" data-element_type=\"widget\" data-e-type=\"widget\" data-widget_type=\"image.default\">\n\t\t\t\t\t\t\t\t\t\t\t\t\t\t\t<img decoding=\"async\" width=\"740\" height=\"390\" src=\"https:\/\/www.zsanettberec.sk\/rozhovory-madarsky-prakticky\/wp-content\/uploads\/2025\/12\/milad-fakurian-iqi6uJPTFDI-unsplash-1024x540.jpg\" class=\"attachment-large size-large wp-image-1597\" alt=\"\" srcset=\"https:\/\/www.zsanettberec.sk\/rozhovory-madarsky-prakticky\/wp-content\/uploads\/2025\/12\/milad-fakurian-iqi6uJPTFDI-unsplash-1024x540.jpg 1024w, https:\/\/www.zsanettberec.sk\/rozhovory-madarsky-prakticky\/wp-content\/uploads\/2025\/12\/milad-fakurian-iqi6uJPTFDI-unsplash-300x158.jpg 300w, https:\/\/www.zsanettberec.sk\/rozhovory-madarsky-prakticky\/wp-content\/uploads\/2025\/12\/milad-fakurian-iqi6uJPTFDI-unsplash-768x405.jpg 768w, https:\/\/www.zsanettberec.sk\/rozhovory-madarsky-prakticky\/wp-content\/uploads\/2025\/12\/milad-fakurian-iqi6uJPTFDI-unsplash-1536x810.jpg 1536w, https:\/\/www.zsanettberec.sk\/rozhovory-madarsky-prakticky\/wp-content\/uploads\/2025\/12\/milad-fakurian-iqi6uJPTFDI-unsplash.jpg 1920w\" sizes=\"(max-width: 740px) 100vw, 740px\" \/>\t\t\t\t\t\t\t\t\t\t\t\t\t\t\t<\/div>\n\t\t\t\t<div class=\"elementor-element elementor-element-70aca73 elementor-widget elementor-widget-heading\" data-id=\"70aca73\" data-element_type=\"widget\" data-e-type=\"widget\" data-widget_type=\"heading.default\">\n\t\t\t\t\t<h3 class=\"elementor-heading-title elementor-size-default\">Ma\u010farsk\u00fd reak\u010dn\u00fd \u0161tart\u00e9r<\/h3>\t\t\t\t<\/div>\n\t\t\t\t<div class=\"elementor-element elementor-element-a59126d elementor-widget elementor-widget-text-editor\" data-id=\"a59126d\" data-element_type=\"widget\" data-e-type=\"widget\" data-widget_type=\"text-editor.default\">\n\t\t\t\t\t\t\t\t\t<p><strong data-start=\"281\" data-end=\"309\">Ma\u010farsk\u00fd reak\u010dn\u00fd \u0161tart\u00e9r<\/strong>\u00a0je\u00a0<strong data-start=\"313\" data-end=\"351\">kr\u00e1tka individu\u00e1lna hlasov\u00e1 slu\u017eba<\/strong>,\u00a0v\u010faka ktorej\u00a0<strong data-start=\"368\" data-end=\"435\">jemne znovu spust\u00edte hovorenie po ma\u010farsky u\u017e po prvom kontakte<\/strong>,\u00a0<strong data-start=\"458\" data-end=\"497\">bez kurzu, bez sk\u00fa\u0161ania, bez stresu<\/strong>.<\/p>\t\t\t\t\t\t\t\t<\/div>\n\t\t\t\t<div class=\"elementor-element elementor-element-0236ada elementor-widget elementor-widget-button\" data-id=\"0236ada\" data-element_type=\"widget\" data-e-type=\"widget\" data-widget_type=\"button.default\">\n\t\t\t\t\t\t\t\t\t\t<a class=\"elementor-button elementor-button-link elementor-size-sm\" href=\"https:\/\/www.zsanettberec.sk\/rozhovory-madarsky-prakticky\/madarsky-reakcny-starter\" target=\"_blank\">\n\t\t\t\t\t\t<span class=\"elementor-button-content-wrapper\">\n\t\t\t\t\t\t\t\t\t<span class=\"elementor-button-text\">Chcem vyu\u017ei\u0165 hlasov\u00fa slu\u017ebu<\/span>\n\t\t\t\t\t<\/span>\n\t\t\t\t\t<\/a>\n\t\t\t\t\t\t\t\t<\/div>\n\t\t\t\t\t<\/div>\n\t\t<\/div>\n\t\t\t\t<div class=\"elementor-column elementor-col-33 elementor-top-column elementor-element elementor-element-117cf56\" data-id=\"117cf56\" data-element_type=\"column\" data-e-type=\"column\">\n\t\t\t<div class=\"elementor-widget-wrap elementor-element-populated\">\n\t\t\t\t\t\t<div class=\"elementor-element elementor-element-3331fc4 elementor-widget elementor-widget-image\" data-id=\"3331fc4\" data-element_type=\"widget\" data-e-type=\"widget\" data-widget_type=\"image.default\">\n\t\t\t\t\t\t\t\t\t\t\t\t\t\t\t<img decoding=\"async\" width=\"740\" height=\"416\" src=\"https:\/\/www.zsanettberec.sk\/rozhovory-madarsky-prakticky\/wp-content\/uploads\/2025\/12\/vectorelements-AwTgSNSoUaw-unsplash-1024x576.png\" class=\"attachment-large size-large wp-image-1489\" alt=\"\" srcset=\"https:\/\/www.zsanettberec.sk\/rozhovory-madarsky-prakticky\/wp-content\/uploads\/2025\/12\/vectorelements-AwTgSNSoUaw-unsplash-1024x576.png 1024w, https:\/\/www.zsanettberec.sk\/rozhovory-madarsky-prakticky\/wp-content\/uploads\/2025\/12\/vectorelements-AwTgSNSoUaw-unsplash-300x169.png 300w, https:\/\/www.zsanettberec.sk\/rozhovory-madarsky-prakticky\/wp-content\/uploads\/2025\/12\/vectorelements-AwTgSNSoUaw-unsplash-768x432.png 768w, https:\/\/www.zsanettberec.sk\/rozhovory-madarsky-prakticky\/wp-content\/uploads\/2025\/12\/vectorelements-AwTgSNSoUaw-unsplash-1536x864.png 1536w, https:\/\/www.zsanettberec.sk\/rozhovory-madarsky-prakticky\/wp-content\/uploads\/2025\/12\/vectorelements-AwTgSNSoUaw-unsplash-2048x1151.png 2048w\" sizes=\"(max-width: 740px) 100vw, 740px\" \/>\t\t\t\t\t\t\t\t\t\t\t\t\t\t\t<\/div>\n\t\t\t\t<div class=\"elementor-element elementor-element-714c26a elementor-widget elementor-widget-heading\" data-id=\"714c26a\" data-element_type=\"widget\" data-e-type=\"widget\" data-widget_type=\"heading.default\">\n\t\t\t\t\t<h3 class=\"elementor-heading-title elementor-size-default\">Rozhovory<\/h3>\t\t\t\t<\/div>\n\t\t\t\t<div class=\"elementor-element elementor-element-80d81d8 elementor-widget elementor-widget-text-editor\" data-id=\"80d81d8\" data-element_type=\"widget\" data-e-type=\"widget\" data-widget_type=\"text-editor.default\">\n\t\t\t\t\t\t\t\t\t<p>Rozhovory 1:1, v bezpe\u010dnej, bezstresovej n\u00e1lade.<\/p>\t\t\t\t\t\t\t\t<\/div>\n\t\t\t\t<div class=\"elementor-element elementor-element-96ac2ac elementor-widget elementor-widget-button\" data-id=\"96ac2ac\" data-element_type=\"widget\" data-e-type=\"widget\" data-widget_type=\"button.default\">\n\t\t\t\t\t\t\t\t\t\t<a class=\"elementor-button elementor-button-link elementor-size-sm\" href=\"https:\/\/www.zsanettberec.sk\/rozhovory-madarsky-prakticky\/individualne-rozhovory-po-madarsky\" target=\"_blank\">\n\t\t\t\t\t\t<span class=\"elementor-button-content-wrapper\">\n\t\t\t\t\t\t\t\t\t<span class=\"elementor-button-text\">Chcem rozhovor po ma\u010farsky<\/span>\n\t\t\t\t\t<\/span>\n\t\t\t\t\t<\/a>\n\t\t\t\t\t\t\t\t<\/div>\n\t\t\t\t\t<\/div>\n\t\t<\/div>\n\t\t\t\t\t<\/div>\n\t\t<\/section>\n\t\t\t\t<\/div>\n\t\t","protected":false},"excerpt":{"rendered":"<p>Kr\u00e1tky test odhalenia jazykov\u00e9ho bloku Urobte si tento\u00a0kr\u00e1tky test\u00a0a identifikujte svoj\u00a0jazykov\u00fd blok s v\u00fdsledkom hne\u010f. Chcem urobi\u0165 test Ma\u010farsk\u00fd reak\u010dn\u00fd \u0161tart\u00e9r Ma\u010farsk\u00fd reak\u010dn\u00fd \u0161tart\u00e9r\u00a0je\u00a0kr\u00e1tka individu\u00e1lna hlasov\u00e1 slu\u017eba,\u00a0v\u010faka ktorej\u00a0jemne znovu spust\u00edte hovorenie po ma\u010farsky u\u017e po prvom kontakte,\u00a0bez kurzu, bez sk\u00fa\u0161ania, bez stresu. Chcem vyu\u017ei\u0165 hlasov\u00fa slu\u017ebu Rozhovory Rozhovory 1:1, v bezpe\u010dnej, bezstresovej n\u00e1lade. Chcem rozhovor [&hellip;]<\/p>\n","protected":false},"author":1,"featured_media":0,"parent":0,"menu_order":0,"comment_status":"closed","ping_status":"closed","template":"","meta":{"zakra_page_container_layout":"customizer","zakra_page_sidebar_layout":"customizer","zakra_remove_content_margin":false,"zakra_sidebar":"customizer","zakra_transparent_header":"customizer","zakra_logo":0,"zakra_main_header_style":"default","zakra_menu_item_color":"","zakra_menu_item_hover_color":"","zakra_menu_item_active_color":"","zakra_menu_active_style":"","zakra_page_header":true,"footnotes":""},"class_list":["post-2320","page","type-page","status-publish","hentry"],"_links":{"self":[{"href":"https:\/\/www.zsanettberec.sk\/rozhovory-madarsky-prakticky\/wp-json\/wp\/v2\/pages\/2320","targetHints":{"allow":["GET"]}}],"collection":[{"href":"https:\/\/www.zsanettberec.sk\/rozhovory-madarsky-prakticky\/wp-json\/wp\/v2\/pages"}],"about":[{"href":"https:\/\/www.zsanettberec.sk\/rozhovory-madarsky-prakticky\/wp-json\/wp\/v2\/types\/page"}],"author":[{"embeddable":true,"href":"https:\/\/www.zsanettberec.sk\/rozhovory-madarsky-prakticky\/wp-json\/wp\/v2\/users\/1"}],"replies":[{"embeddable":true,"href":"https:\/\/www.zsanettberec.sk\/rozhovory-madarsky-prakticky\/wp-json\/wp\/v2\/comments?post=2320"}],"version-history":[{"count":29,"href":"https:\/\/www.zsanettberec.sk\/rozhovory-madarsky-prakticky\/wp-json\/wp\/v2\/pages\/2320\/revisions"}],"predecessor-version":[{"id":2407,"href":"https:\/\/www.zsanettberec.sk\/rozhovory-madarsky-prakticky\/wp-json\/wp\/v2\/pages\/2320\/revisions\/2407"}],"wp:attachment":[{"href":"https:\/\/www.zsanettberec.sk\/rozhovory-madarsky-prakticky\/wp-json\/wp\/v2\/media?parent=2320"}],"curies":[{"name":"wp","href":"https:\/\/api.w.org\/{rel}","templated":true}]}}