{"id":2299,"date":"2026-02-22T10:24:02","date_gmt":"2026-02-22T09:24:02","guid":{"rendered":"https:\/\/www.zsanettberec.sk\/rozhovory-madarsky-prakticky\/?page_id=2299"},"modified":"2026-02-22T10:33:30","modified_gmt":"2026-02-22T09:33:30","slug":"referencie","status":"publish","type":"page","link":"https:\/\/www.zsanettberec.sk\/rozhovory-madarsky-prakticky\/referencie","title":{"rendered":"Referencie"},"content":{"rendered":"\t\t<div data-elementor-type=\"wp-page\" data-elementor-id=\"2299\" class=\"elementor elementor-2299\">\n\t\t\t\t\t\t<section class=\"elementor-section elementor-top-section elementor-element elementor-element-j0zq0lp elementor-section-boxed elementor-section-height-default elementor-section-height-default\" data-id=\"j0zq0lp\" data-element_type=\"section\" data-e-type=\"section\">\n\t\t\t\t\t\t<div class=\"elementor-container elementor-column-gap-no\">\n\t\t\t\t\t<div class=\"elementor-column elementor-col-100 elementor-top-column elementor-element elementor-element-0a18b00\" data-id=\"0a18b00\" data-element_type=\"column\" data-e-type=\"column\">\n\t\t\t<div class=\"elementor-widget-wrap elementor-element-populated\">\n\t\t\t\t\t\t<section class=\"elementor-section elementor-inner-section elementor-element elementor-element-9be9266 elementor-section-content-middle elementor-section-boxed elementor-section-height-default elementor-section-height-default\" data-id=\"9be9266\" data-element_type=\"section\" data-e-type=\"section\">\n\t\t\t\t\t\t<div class=\"elementor-container elementor-column-gap-default\">\n\t\t\t\t\t<div class=\"elementor-column elementor-col-50 elementor-inner-column elementor-element elementor-element-40f445a\" data-id=\"40f445a\" data-element_type=\"column\" data-e-type=\"column\" data-settings=\"{&quot;background_background&quot;:&quot;classic&quot;}\">\n\t\t\t<div class=\"elementor-widget-wrap elementor-element-populated\">\n\t\t\t\t\t\t<div class=\"elementor-element elementor-element-70933a5 elementor-widget elementor-widget-image\" data-id=\"70933a5\" data-element_type=\"widget\" data-e-type=\"widget\" data-widget_type=\"image.default\">\n\t\t\t\t\t\t\t\t\t\t\t\t\t\t\t<img decoding=\"async\" width=\"150\" height=\"150\" src=\"https:\/\/www.zsanettberec.sk\/rozhovory-madarsky-prakticky\/wp-content\/uploads\/2026\/01\/revicka-gabriela-rozhovor-600x600-1-600x580-1-300x290-1-150x150.jpg\" class=\"attachment-thumbnail size-thumbnail wp-image-2057\" alt=\"\" \/>\t\t\t\t\t\t\t\t\t\t\t\t\t\t\t<\/div>\n\t\t\t\t<div class=\"elementor-element elementor-element-9d9d31b elementor-widget elementor-widget-heading\" data-id=\"9d9d31b\" data-element_type=\"widget\" data-e-type=\"widget\" data-widget_type=\"heading.default\">\n\t\t\t\t\t<h4 class=\"elementor-heading-title elementor-size-default\">Gabi Revick\u00e1<\/h4>\t\t\t\t<\/div>\n\t\t\t\t<div class=\"elementor-element elementor-element-302e08f elementor-widget elementor-widget-heading\" data-id=\"302e08f\" data-element_type=\"widget\" data-e-type=\"widget\" data-widget_type=\"heading.default\">\n\t\t\t\t\t<div class=\"elementor-heading-title elementor-size-default\">ezeny.sk<\/div>\t\t\t\t<\/div>\n\t\t\t\t\t<\/div>\n\t\t<\/div>\n\t\t\t\t<div class=\"elementor-column elementor-col-50 elementor-inner-column elementor-element elementor-element-99a8c88\" data-id=\"99a8c88\" data-element_type=\"column\" data-e-type=\"column\">\n\t\t\t<div class=\"elementor-widget-wrap elementor-element-populated\">\n\t\t\t\t\t\t<div class=\"elementor-element elementor-element-70b5806 elementor-widget elementor-widget-heading\" data-id=\"70b5806\" data-element_type=\"widget\" data-e-type=\"widget\" data-widget_type=\"heading.default\">\n\t\t\t\t\t<h3 class=\"elementor-heading-title elementor-size-medium\">V\u010faka konverz\u00e1ci\u00e1m so Zsanett sa moja ma\u010far\u010dina dostala na neporovnate\u013en\u00fa \u00farove\u0148. <br>\n<br>\nNebolo to hne\u010f tak\u00e9 \u013eahk\u00e9, ale ve\u013emi ma bavili na\u0161e rozhovory a \u010dasto som si uvedomovala, \u017ee prest\u00e1vam rozm\u00fd\u0161\u013ea\u0165 len o tom, ako hovori\u0165, ale proste hovor\u00edm, \u010do chcem poveda\u0165. \n<br><br>\nZsanett zasahuje do rozhovorov ve\u013emi citlivo. V\u00f4bec nem\u00e1te pocit, \u017ee v\u00e1s \u201cp\u00e9ruje\u201d u\u010dite\u013e, ale zdvorilo v\u00e1s zastav\u00ed, oprav\u00ed a nech\u00e1, aby ste pokra\u010dovali vo svojom rozpr\u00e1van\u00ed. \n<br><br>\nPo vy\u0161e roku pravideln\u00fdch hod\u00edn konverz\u00e1cie, som dok\u00e1zala vies\u0165 pracovn\u00fd rozhovor s jedn\u00fdm z najv\u00e4\u010d\u0161\u00edch podnikate\u013eov v kni\u017enom odvetv\u00ed. Ke\u010f\u017ee je tie\u017e Ma\u010far, hovorili sme spolu v rodnej re\u010di, \u010do dalo n\u00e1\u0161mu obchodn\u00e9mu stretnutiu \u00faplne in\u00fd r\u00e1z. \n<br><br>\n\u010eakujem, Zsani.<\/h3>\t\t\t\t<\/div>\n\t\t\t\t\t<\/div>\n\t\t<\/div>\n\t\t\t\t\t<\/div>\n\t\t<\/section>\n\t\t\t\t\t<\/div>\n\t\t<\/div>\n\t\t\t\t\t<\/div>\n\t\t<\/section>\n\t\t\t\t<\/div>\n\t\t","protected":false},"excerpt":{"rendered":"<p>Gabi Revick\u00e1 ezeny.sk V\u010faka konverz\u00e1ci\u00e1m so Zsanett sa moja ma\u010far\u010dina dostala na neporovnate\u013en\u00fa \u00farove\u0148. Nebolo to hne\u010f tak\u00e9 \u013eahk\u00e9, ale ve\u013emi ma bavili na\u0161e rozhovory a \u010dasto som si uvedomovala, \u017ee prest\u00e1vam rozm\u00fd\u0161\u013ea\u0165 len o tom, ako hovori\u0165, ale proste hovor\u00edm, \u010do chcem poveda\u0165. Zsanett zasahuje do rozhovorov ve\u013emi citlivo. V\u00f4bec nem\u00e1te pocit, \u017ee v\u00e1s [&hellip;]<\/p>\n","protected":false},"author":1,"featured_media":0,"parent":0,"menu_order":0,"comment_status":"closed","ping_status":"closed","template":"","meta":{"zakra_page_container_layout":"customizer","zakra_page_sidebar_layout":"customizer","zakra_remove_content_margin":false,"zakra_sidebar":"customizer","zakra_transparent_header":"customizer","zakra_logo":0,"zakra_main_header_style":"default","zakra_menu_item_color":"","zakra_menu_item_hover_color":"","zakra_menu_item_active_color":"","zakra_menu_active_style":"","zakra_page_header":true,"footnotes":""},"class_list":["post-2299","page","type-page","status-publish","hentry"],"_links":{"self":[{"href":"https:\/\/www.zsanettberec.sk\/rozhovory-madarsky-prakticky\/wp-json\/wp\/v2\/pages\/2299","targetHints":{"allow":["GET"]}}],"collection":[{"href":"https:\/\/www.zsanettberec.sk\/rozhovory-madarsky-prakticky\/wp-json\/wp\/v2\/pages"}],"about":[{"href":"https:\/\/www.zsanettberec.sk\/rozhovory-madarsky-prakticky\/wp-json\/wp\/v2\/types\/page"}],"author":[{"embeddable":true,"href":"https:\/\/www.zsanettberec.sk\/rozhovory-madarsky-prakticky\/wp-json\/wp\/v2\/users\/1"}],"replies":[{"embeddable":true,"href":"https:\/\/www.zsanettberec.sk\/rozhovory-madarsky-prakticky\/wp-json\/wp\/v2\/comments?post=2299"}],"version-history":[{"count":16,"href":"https:\/\/www.zsanettberec.sk\/rozhovory-madarsky-prakticky\/wp-json\/wp\/v2\/pages\/2299\/revisions"}],"predecessor-version":[{"id":2318,"href":"https:\/\/www.zsanettberec.sk\/rozhovory-madarsky-prakticky\/wp-json\/wp\/v2\/pages\/2299\/revisions\/2318"}],"wp:attachment":[{"href":"https:\/\/www.zsanettberec.sk\/rozhovory-madarsky-prakticky\/wp-json\/wp\/v2\/media?parent=2299"}],"curies":[{"name":"wp","href":"https:\/\/api.w.org\/{rel}","templated":true}]}}